{"id":435,"date":"2020-10-27T13:56:11","date_gmt":"2020-10-27T12:56:11","guid":{"rendered":"https:\/\/boost-business.com\/home\/?page_id=435"},"modified":"2021-08-18T17:11:34","modified_gmt":"2021-08-18T15:11:34","slug":"angebot","status":"publish","type":"page","link":"https:\/\/boost-business.com\/home\/angebot\/","title":{"rendered":"Angebot"},"content":{"rendered":"\t\t<div data-elementor-type=\"wp-page\" data-elementor-id=\"435\" class=\"elementor elementor-435\">\n\t\t\t\t\t\t<header class=\"elementor-section elementor-top-section elementor-element elementor-element-5476469b elementor-section-height-min-height elementor-section-items-stretch elementor-section-boxed elementor-section-height-default elementor-invisible\" data-id=\"5476469b\" data-element_type=\"section\" data-settings=\"{&quot;background_background&quot;:&quot;classic&quot;,&quot;animation&quot;:&quot;fadeIn&quot;}\">\n\t\t\t\t\t\t\t<div class=\"elementor-background-overlay\"><\/div>\n\t\t\t\t\t\t\t<div class=\"elementor-container elementor-column-gap-default\">\n\t\t\t\t\t<div class=\"elementor-column elementor-col-100 elementor-top-column elementor-element elementor-element-3d2ebc33\" data-id=\"3d2ebc33\" data-element_type=\"column\">\n\t\t\t<div class=\"elementor-widget-wrap elementor-element-populated\">\n\t\t\t\t\t\t<div class=\"elementor-element elementor-element-28604c57 elementor-widget elementor-widget-heading\" data-id=\"28604c57\" data-element_type=\"widget\" data-widget_type=\"heading.default\">\n\t\t\t\t<div class=\"elementor-widget-container\">\n\t\t\t<h1 class=\"elementor-heading-title elementor-size-xl\">Kontaktieren Sie uns f\u00fcr Ihre Erstberatung<\/h1>\t\t<\/div>\n\t\t\t\t<\/div>\n\t\t\t\t<div class=\"elementor-element elementor-element-1e477edf elementor-invisible elementor-widget elementor-widget-text-editor\" data-id=\"1e477edf\" data-element_type=\"widget\" data-settings=\"{&quot;_animation&quot;:&quot;fadeInUp&quot;,&quot;_animation_delay&quot;:900}\" data-widget_type=\"text-editor.default\">\n\t\t\t\t<div class=\"elementor-widget-container\">\n\t\t\t\t\t\t\t<p>unverbindlich und kostenlos<\/p>\t\t\t\t\t\t<\/div>\n\t\t\t\t<\/div>\n\t\t\t\t<div class=\"elementor-element elementor-element-6badcd7 elementor-widget elementor-widget-wp-widget-forminator_widget\" data-id=\"6badcd7\" data-element_type=\"widget\" data-widget_type=\"wp-widget-forminator_widget.default\">\n\t\t\t\t<div class=\"elementor-widget-container\">\n\t\t\t<div class=\"forminator-ui forminator-custom-form forminator-custom-form-434 forminator-design--bold  forminator_ajax\" data-forminator-render=\"0\" data-form=\"forminator-module-434\" data-uid=\"69d14469b547f\"><br\/><\/div><form\n\t\t\t\tid=\"forminator-module-434\"\n\t\t\t\tclass=\"forminator-ui forminator-custom-form forminator-custom-form-434 forminator-design--bold  forminator_ajax\"\n\t\t\t\tmethod=\"post\"\n\t\t\t\tdata-forminator-render=\"0\"\n\t\t\t\tdata-form-id=\"434\"\n\t\t\t\t\n\t\t\t\tdata-design=\"bold\"\n\t\t\t\t\n\t\t\t\t\n\t\t\t\t\n\t\t\t\tdata-grid=\"open\"\n\t\t\t\t\n\t\t\t\t\n\t\t\t\tstyle=\"display: none;\"\n\t\t\t\t\n\t\t\t\tdata-uid=\"69d14469b547f\"\n\t\t\t><div role=\"alert\" aria-live=\"polite\" class=\"forminator-response-message forminator-error\" aria-hidden=\"true\"><\/div><div class=\"forminator-row\"><div id=\"name-1\" class=\"forminator-field-name forminator-col forminator-col-12 \"><div class=\"forminator-row forminator-no-margin\" data-multiple=\"true\"><div class=\"forminator-col forminator-col-md-6\"><div class=\"forminator-field\"><label for=\"forminator-field-first-name-1_69d14469b547f\" id=\"forminator-field-first-name-1_69d14469b547f-label\" class=\"forminator-label\">Vorname <span class=\"forminator-required\">*<\/span><\/label><input type=\"text\" name=\"name-1-first-name\" placeholder=\"\" id=\"forminator-field-first-name-1_69d14469b547f\" class=\"forminator-input\" aria-required=\"true\" data-multi=\"1\" value=\"\" \/><\/div><\/div><div class=\"forminator-col forminator-col-md-6\"><div class=\"forminator-field\"><label for=\"forminator-field-last-name-1_69d14469b547f\" id=\"forminator-field-last-name-1_69d14469b547f-label\" class=\"forminator-label\">Nachname <span class=\"forminator-required\">*<\/span><\/label><input type=\"text\" name=\"name-1-last-name\" placeholder=\"\" id=\"forminator-field-last-name-1_69d14469b547f\" class=\"forminator-input\" aria-required=\"true\" data-multi=\"1\" value=\"\" \/><\/div><\/div><\/div><\/div><\/div><div class=\"forminator-row\"><div id=\"email-1\" class=\"forminator-field-email forminator-col forminator-col-12 \"><div class=\"forminator-field\"><label for=\"forminator-field-email-1_69d14469b547f\" id=\"forminator-field-email-1_69d14469b547f-label\" class=\"forminator-label\">E-Mail <span class=\"forminator-required\">*<\/span><\/label><input type=\"email\" name=\"email-1\" value=\"\" placeholder=\"\" id=\"forminator-field-email-1_69d14469b547f\" class=\"forminator-input forminator-email--field\" data-required=\"true\" aria-required=\"true\" aria-describedby=\"forminator-field-email-1_69d14469b547f-description\" \/><span id=\"forminator-field-email-1_69d14469b547f-description\" class=\"forminator-description\">Wir nutzen die Mailadresse zur Individuellen Kontaktaufnahme auf Ihre Anfrage. Sie erhalten keinen Newsletter oder pauschale Werbung. Bitte abonnieren Sie unseren Newsletter unten zus\u00e4tzlich um stets auf dem aktuellen Stand zu bleiben.<\/span><\/div><\/div><\/div><div class=\"forminator-row\"><div id=\"phone-1\" class=\"forminator-field-phone forminator-col forminator-col-12 \"><div class=\"forminator-field\"><label for=\"forminator-field-phone-1_69d14469b547f\" id=\"forminator-field-phone-1_69d14469b547f-label\" class=\"forminator-label\">Telefon<\/label><input type=\"text\" name=\"phone-1\" value=\"\" placeholder=\"\" id=\"forminator-field-phone-1_69d14469b547f\" class=\"forminator-input forminator-field--phone\" data-required=\"\" aria-required=\"false\" autocomplete=\"off\" data-validation=\"1\" \/><\/div><\/div><\/div><div class=\"forminator-row\"><div id=\"checkbox-1\" class=\"forminator-field-checkbox forminator-col forminator-col-12 \"><div role=\"group\" class=\"forminator-field\" aria-labelledby=\"forminator-checkbox-group-69d14469b547f-label\"><span id=\"forminator-checkbox-group-69d14469b547f-label\" class=\"forminator-label\">In welchem Bereich k\u00f6nnen wir Sie unterst\u00fctzen?<\/span><label id=\"forminator-field-checkbox-1-1-69d14469b547f-label\" for=\"forminator-field-checkbox-1-1-69d14469b547f\" class=\"forminator-checkbox\" title=\"Sales\"><input type=\"checkbox\" name=\"checkbox-1[]\" value=\"sales\" id=\"forminator-field-checkbox-1-1-69d14469b547f\" aria-labelledby=\"forminator-field-checkbox-1-1-69d14469b547f-label\" data-calculation=\"0\"   aria-describedby=\"forminator-field-checkbox-1-69d14469b547f-description\"\/><span class=\"forminator-checkbox-box\" aria-hidden=\"true\"><\/span><span class=\"forminator-checkbox-label\">Sales<\/span><\/label><label id=\"forminator-field-checkbox-1-2-69d14469b547f-label\" for=\"forminator-field-checkbox-1-2-69d14469b547f\" class=\"forminator-checkbox\" title=\"Leads\"><input type=\"checkbox\" name=\"checkbox-1[]\" value=\"leads\" id=\"forminator-field-checkbox-1-2-69d14469b547f\" aria-labelledby=\"forminator-field-checkbox-1-2-69d14469b547f-label\" data-calculation=\"0\"   aria-describedby=\"forminator-field-checkbox-1-69d14469b547f-description\"\/><span class=\"forminator-checkbox-box\" aria-hidden=\"true\"><\/span><span class=\"forminator-checkbox-label\">Leads<\/span><\/label><label id=\"forminator-field-checkbox-1-3-69d14469b547f-label\" for=\"forminator-field-checkbox-1-3-69d14469b547f\" class=\"forminator-checkbox\" title=\"Marketing\"><input type=\"checkbox\" name=\"checkbox-1[]\" value=\"marketing\" id=\"forminator-field-checkbox-1-3-69d14469b547f\" aria-labelledby=\"forminator-field-checkbox-1-3-69d14469b547f-label\" data-calculation=\"0\"   aria-describedby=\"forminator-field-checkbox-1-69d14469b547f-description\"\/><span class=\"forminator-checkbox-box\" aria-hidden=\"true\"><\/span><span class=\"forminator-checkbox-label\">Marketing<\/span><\/label><\/div><\/div><\/div><div class=\"forminator-row\"><div id=\"select-1\" class=\"forminator-field-select forminator-col forminator-col-12 \"><div class=\"forminator-field\"><label for=\"forminator-form-434__field--select-1_69d14469b547f\" id=\"forminator-form-434__field--select-1_69d14469b547f-label\" class=\"forminator-label\">Welcher Bereich passt am besten zu Ihren W\u00fcnschen f\u00fcr Ihren Sales? <\/label><select id=\"forminator-form-434__field--select-1_69d14469b547f\" class=\"forminator-select--field forminator-select2\" data-required=\"\" name=\"select-1\" data-default-value=\"\" data-placeholder=\"\" data-search=\"false\" aria-labelledby=\"forminator-form-434__field--select-1_69d14469b547f-label\" aria-describedby=\"forminator-form-434__field--select-1_69d14469b547f-description\"><option value=\"\"  data-calculation=\"0\">Call out Kampagne<\/option><option value=\"\"  data-calculation=\"0\">Produktpr\u00e4sentationen \/ Au\u00dfendienstbetreuung <\/option><option value=\"kompletter-vertrieb-von-az\"  data-calculation=\"0\">kompletter Vertrieb von a-z<\/option><option value=\"keine-dieser-optionen\"  data-calculation=\"0\">keine dieser Optionen<\/option><\/select><\/div><\/div><\/div><div class=\"forminator-row\"><div id=\"select-2\" class=\"forminator-field-select forminator-col forminator-col-12 \"><div class=\"forminator-field\"><label for=\"forminator-form-434__field--select-2_69d14469b547f\" id=\"forminator-form-434__field--select-2_69d14469b547f-label\" class=\"forminator-label\">Wie k\u00f6nnen wir Sie im Bereich Leads unterst\u00fctzen? <\/label><select id=\"forminator-form-434__field--select-2_69d14469b547f\" class=\"forminator-select--field forminator-select2\" data-required=\"\" name=\"select-2\" data-default-value=\"\" data-placeholder=\"\" data-search=\"false\" aria-labelledby=\"forminator-form-434__field--select-2_69d14469b547f-label\" aria-describedby=\"forminator-form-434__field--select-2_69d14469b547f-description\"><option value=\"qualifizierung-bestehender-leads\"  data-calculation=\"0\">Qualifizierung bestehender Leads<\/option><option value=\"neue-zustzliche-leads\"  data-calculation=\"0\">neue \/ zus\u00e4tzliche Leads<\/option><option value=\"keine-dieser-optionen\"  data-calculation=\"0\">keine dieser Optionen<\/option><\/select><\/div><\/div><\/div><div class=\"forminator-row\"><div id=\"select-3\" class=\"forminator-field-select forminator-col forminator-col-12 \"><div class=\"forminator-field\"><label for=\"forminator-form-434__field--select-3_69d14469b547f\" id=\"forminator-form-434__field--select-3_69d14469b547f-label\" class=\"forminator-label\">Wie k\u00f6nnen wir Sie im Bereich Marketing unterst\u00fctzen? <\/label><select id=\"forminator-form-434__field--select-3_69d14469b547f\" class=\"forminator-select--field forminator-select2\" data-required=\"\" name=\"select-3\" data-default-value=\"\" data-placeholder=\"\" data-search=\"false\" aria-labelledby=\"forminator-form-434__field--select-3_69d14469b547f-label\" aria-describedby=\"forminator-form-434__field--select-3_69d14469b547f-description\"><option value=\"klassisches-offline-marketing\"  data-calculation=\"0\">klassisches (offline) Marketing <\/option><option value=\"online-marketing-landing-page\"  data-calculation=\"0\">online Marketing \/ Landing Page<\/option><option value=\"social-media\"  data-calculation=\"0\">Social Media<\/option><option value=\"keine-dieser-optionen\"  data-calculation=\"0\">keine dieser Optionen<\/option><\/select><\/div><\/div><\/div><div class=\"forminator-row\"><div id=\"textarea-1\" class=\"forminator-field-textarea forminator-col forminator-col-12 \"><div class=\"forminator-field\"><label for=\"forminator-field-textarea-1_69d14469b547f\" id=\"forminator-field-textarea-1_69d14469b547f-label\" class=\"forminator-label\">Haben Sie konkrete Vorstellungen? <\/label><textarea name=\"textarea-1\" placeholder=\"\" id=\"forminator-field-textarea-1_69d14469b547f\" class=\"forminator-textarea\" rows=\"6\" style=\"min-height:140px;\" maxlength=\"180\" aria-describedby=\"forminator-field-textarea-1_69d14469b547f-description\" ><\/textarea><span id=\"forminator-field-textarea-1_69d14469b547f-description\" class=\"forminator-description\">Wir beraten Sie gerne und finden eine f\u00fcr Sie passende L\u00f6sung. <span data-limit=\"180\" data-type=\"characters\">0 \/ 180<\/span><\/span><\/div><\/div><\/div><input type=\"hidden\" name=\"referer_url\" value=\"\" \/><div class=\"forminator-row forminator-row-last\"><div class=\"forminator-col\"><div class=\"forminator-field\"><button class=\"forminator-button forminator-button-submit\">Erhalten Sie Ihr unverbindliches Angebot<\/button><\/div><\/div><\/div><input type=\"hidden\" id=\"forminator_nonce\" name=\"forminator_nonce\" value=\"4fed090e3e\" \/><input type=\"hidden\" name=\"_wp_http_referer\" value=\"\/home\/wp-json\/wp\/v2\/pages\/435\" \/><input type=\"hidden\" name=\"form_id\" value=\"434\"><input type=\"hidden\" name=\"page_id\" value=\"435\"><input type=\"hidden\" name=\"form_type\" value=\"default\"><input type=\"hidden\" name=\"current_url\" value=\"https:\/\/boost-business.com\/home\/angebot\/\"><input type=\"hidden\" name=\"render_id\" value=\"0\"><input type=\"hidden\" name=\"action\" value=\"forminator_submit_form_custom-forms\"><\/form>\t\t<\/div>\n\t\t\t\t<\/div>\n\t\t\t\t<div class=\"elementor-element elementor-element-95bc315 elementor-widget elementor-widget-spacer\" data-id=\"95bc315\" data-element_type=\"widget\" data-widget_type=\"spacer.default\">\n\t\t\t\t<div class=\"elementor-widget-container\">\n\t\t\t\t\t<div class=\"elementor-spacer\">\n\t\t\t<div class=\"elementor-spacer-inner\"><\/div>\n\t\t<\/div>\n\t\t\t\t<\/div>\n\t\t\t\t<\/div>\n\t\t\t\t<div class=\"elementor-element elementor-element-41f48155 elementor-invisible elementor-widget elementor-widget-text-editor\" data-id=\"41f48155\" data-element_type=\"widget\" data-settings=\"{&quot;_animation&quot;:&quot;fadeInUp&quot;,&quot;_animation_delay&quot;:900}\" data-widget_type=\"text-editor.default\">\n\t\t\t\t<div class=\"elementor-widget-container\">\n\t\t\t\t\t\t\t<p class=\"fl-heading\">Sie k\u00f6nnen sich jederzeit von unserem Newsletter abmelden. Bitte beachten Sie unsere Datenschutzerkl\u00e4rung im Impessum.<\/p>\t\t\t\t\t\t<\/div>\n\t\t\t\t<\/div>\n\t\t\t\t\t<\/div>\n\t\t<\/div>\n\t\t\t\t\t<\/div>\n\t\t<\/header>\n\t\t\t\t<\/div>\n\t\t","protected":false},"excerpt":{"rendered":"<p>Kontaktieren Sie uns f\u00fcr Ihre Erstberatung unverbindlich und kostenlos Sie k\u00f6nnen sich jederzeit von unserem Newsletter abmelden. Bitte beachten Sie unsere Datenschutzerkl\u00e4rung im Impessum.<\/p>\n","protected":false},"author":1,"featured_media":0,"parent":0,"menu_order":0,"comment_status":"closed","ping_status":"closed","template":"","meta":{"ocean_post_layout":"full-screen","ocean_both_sidebars_style":"","ocean_both_sidebars_content_width":0,"ocean_both_sidebars_sidebars_width":0,"ocean_sidebar":"0","ocean_second_sidebar":"0","ocean_disable_margins":"enable","ocean_add_body_class":"","ocean_shortcode_before_top_bar":"","ocean_shortcode_after_top_bar":"","ocean_shortcode_before_header":"","ocean_shortcode_after_header":"","ocean_has_shortcode":"","ocean_shortcode_after_title":"","ocean_shortcode_before_footer_widgets":"","ocean_shortcode_after_footer_widgets":"","ocean_shortcode_before_footer_bottom":"","ocean_shortcode_after_footer_bottom":"","ocean_display_top_bar":"off","ocean_display_header":"default","ocean_header_style":"","ocean_center_header_left_menu":"0","ocean_custom_header_template":"0","ocean_custom_logo":0,"ocean_custom_retina_logo":0,"ocean_custom_logo_max_width":0,"ocean_custom_logo_tablet_max_width":0,"ocean_custom_logo_mobile_max_width":0,"ocean_custom_logo_max_height":0,"ocean_custom_logo_tablet_max_height":0,"ocean_custom_logo_mobile_max_height":0,"ocean_header_custom_menu":"0","ocean_menu_typo_font_family":"0","ocean_menu_typo_font_subset":"","ocean_menu_typo_font_size":0,"ocean_menu_typo_font_size_tablet":0,"ocean_menu_typo_font_size_mobile":0,"ocean_menu_typo_font_size_unit":"px","ocean_menu_typo_font_weight":"","ocean_menu_typo_font_weight_tablet":"","ocean_menu_typo_font_weight_mobile":"","ocean_menu_typo_transform":"","ocean_menu_typo_transform_tablet":"","ocean_menu_typo_transform_mobile":"","ocean_menu_typo_line_height":0,"ocean_menu_typo_line_height_tablet":0,"ocean_menu_typo_line_height_mobile":0,"ocean_menu_typo_line_height_unit":"","ocean_menu_typo_spacing":0,"ocean_menu_typo_spacing_tablet":0,"ocean_menu_typo_spacing_mobile":0,"ocean_menu_typo_spacing_unit":"","ocean_menu_link_color":"","ocean_menu_link_color_hover":"","ocean_menu_link_color_active":"","ocean_menu_link_background":"","ocean_menu_link_hover_background":"","ocean_menu_link_active_background":"","ocean_menu_social_links_bg":"","ocean_menu_social_hover_links_bg":"","ocean_menu_social_links_color":"","ocean_menu_social_hover_links_color":"","ocean_disable_title":"on","ocean_disable_heading":"default","ocean_post_title":"","ocean_post_subheading":"","ocean_post_title_style":"","ocean_post_title_background_color":"","ocean_post_title_background":0,"ocean_post_title_bg_image_position":"","ocean_post_title_bg_image_attachment":"","ocean_post_title_bg_image_repeat":"","ocean_post_title_bg_image_size":"","ocean_post_title_height":0,"ocean_post_title_bg_overlay":0.5,"ocean_post_title_bg_overlay_color":"","ocean_disable_breadcrumbs":"default","ocean_breadcrumbs_color":"","ocean_breadcrumbs_separator_color":"","ocean_breadcrumbs_links_color":"","ocean_breadcrumbs_links_hover_color":"","ocean_display_footer_widgets":"off","ocean_display_footer_bottom":"off","ocean_custom_footer_template":"0","footnotes":""},"_links":{"self":[{"href":"https:\/\/boost-business.com\/home\/wp-json\/wp\/v2\/pages\/435"}],"collection":[{"href":"https:\/\/boost-business.com\/home\/wp-json\/wp\/v2\/pages"}],"about":[{"href":"https:\/\/boost-business.com\/home\/wp-json\/wp\/v2\/types\/page"}],"author":[{"embeddable":true,"href":"https:\/\/boost-business.com\/home\/wp-json\/wp\/v2\/users\/1"}],"replies":[{"embeddable":true,"href":"https:\/\/boost-business.com\/home\/wp-json\/wp\/v2\/comments?post=435"}],"version-history":[{"count":10,"href":"https:\/\/boost-business.com\/home\/wp-json\/wp\/v2\/pages\/435\/revisions"}],"predecessor-version":[{"id":709,"href":"https:\/\/boost-business.com\/home\/wp-json\/wp\/v2\/pages\/435\/revisions\/709"}],"wp:attachment":[{"href":"https:\/\/boost-business.com\/home\/wp-json\/wp\/v2\/media?parent=435"}],"curies":[{"name":"wp","href":"https:\/\/api.w.org\/{rel}","templated":true}]}}